

{"id":1172,"date":"2023-09-12T11:29:20","date_gmt":"2023-09-12T09:29:20","guid":{"rendered":"https:\/\/www.lavayssiere.fr\/legal-information\/"},"modified":"2025-11-21T11:39:41","modified_gmt":"2025-11-21T10:39:41","slug":"legal-information","status":"publish","type":"page","link":"https:\/\/www.lavayssiere.fr\/en\/legal-information\/","title":{"rendered":"Legal information"},"content":{"rendered":"<div class=\"fusion-fullwidth fullwidth-box fusion-builder-row-1 fusion-flex-container nonhundred-percent-fullwidth non-hundred-percent-height-scrolling\" style=\"--awb-border-radius-top-left:0px;--awb-border-radius-top-right:0px;--awb-border-radius-bottom-right:0px;--awb-border-radius-bottom-left:0px;--awb-flex-wrap:wrap;\" ><div class=\"fusion-builder-row fusion-row fusion-flex-align-items-flex-start fusion-flex-content-wrap\" style=\"max-width:calc( 1200px + 0px );margin-left: calc(-0px \/ 2 );margin-right: calc(-0px \/ 2 );\"><div class=\"fusion-layout-column fusion_builder_column fusion-builder-column-0 fusion_builder_column_1_1 1_1 fusion-flex-column\" style=\"--awb-bg-blend:overlay;--awb-bg-size:cover;--awb-width-large:100%;--awb-margin-top-large:0px;--awb-spacing-right-large:0px;--awb-margin-bottom-large:0px;--awb-spacing-left-large:0px;--awb-width-medium:100%;--awb-spacing-right-medium:0px;--awb-spacing-left-medium:0px;--awb-width-small:100%;--awb-spacing-right-small:0px;--awb-spacing-left-small:0px;\"><div class=\"fusion-column-wrapper fusion-flex-justify-content-flex-start fusion-content-layout-column\"><div class=\"fusion-text fusion-text-1\" style=\"--awb-font-size:16px;\"><p><strong>Propri\u00e9t\u00e9 Intellectuelles<br \/><\/strong>Ce site web constitue une oeuvre prot\u00e9g\u00e9e en France par le Code de la Propri\u00e9t\u00e9 Intellectuelle, et \u00e0 l&#8217;\u00e9tranger par les conventions internationales en vigueur sur le droit d&#8217;auteur. Toute reproduction ou utilisation d&#8217;\u00e9l\u00e9ments du site lavayssiere.fr sans autorisation \u00e9crite pr\u00e9alable est strictement interdite et constitue un d\u00e9lit de contrefa\u00e7on passible, aux termes de l&#8217;article L.335-2 du Code de la Propri\u00e9t\u00e9 Intellectuelle, de trois ans d&#8217;emprisonnement et de 300 000 \u20ac d&#8217;amende.<\/p>\n<p>Par ailleurs, les noms de produits ou d&#8217;entreprises mentionn\u00e9s sur le site lavayssiere.fr peuvent \u00eatre des marques commerciales ou des marques d\u00e9pos\u00e9es appartenant \u00e0 des tiers et prot\u00e9g\u00e9es \u00e0 ce titre par le Code de la Propri\u00e9t\u00e9 Intellectuelle.<\/p>\n<p><strong>Limitation de responsabilit\u00e9<br \/><\/strong>La responsabilit\u00e9 de l&#8217;\u00e9diteur est limit\u00e9e \u00e0 des dommages directs et pr\u00e9visibles pouvant \u00eatre soumis \u00e0 l&#8217;utilisation du site www.lavayssiere.fr. L&#8217;Editeur n&#8217;accorde aucune garantie sur le fonctionnement du r\u00e9seau de t\u00e9l\u00e9communication ou sur le fonctionnement du syst\u00e8me informatique permettant l&#8217;acc\u00e8s au site www.lavayssiere.fr. Par ailleurs, l&#8217;Editeur n&#8217;est pas responsable de l&#8217;insertion \u00e9ventuelle d&#8217;un lien vers le site www.lavayssiere.fr. Dans les sites jug\u00e9s illicites ou au contenu choquant (pornographie, incitation \u00e0 la haine raciale, promotion des sectes, piratage informatique, etc.).<\/p>\n<p><strong>Politique de confidentialit\u00e9<br \/><\/strong>Vous souhaitez en savoir plus sur la protection de vos donn\u00e9es et leur utilisation ? <a title=\"En savoir plus sur notre politique de confidentialit\u00e9.\" href=\"https:\/\/www.lavayssiere.fr\/en\/privacy-policy\/\" rel=\"\">Tout savoir sur la politique de confidentialit\u00e9 de www.lavayssiere.fr<\/a>.<\/p>\n<p><strong>Les cookies<br \/><\/strong>Vous sou\u00adhai\u00adtez en savoir plus sur les cookies ? Tout savoir sur <a href=\"https:\/\/www.lavayssiere.fr\/en\/cookies\/\">les cookies de www.lavayssiere.fr<\/a>.<\/p>\n<p><strong>Publication<br \/><\/strong>Maventis &#8211; 43 Avenue Andr\u00e9 Malraux \u2013 ZI Cana Est 19100 Brive la Gaillarde.<br \/>SIREN : 52208478900018<br \/>Code NIC : 00018<br \/>T\u00e9l\u00e9phone : 05 55 86 03 60<br \/>E-mail : info@maventis.fr<br \/>Site web : <a href=\"https:\/\/www.maventis.fr\" target=\"_blank\" rel=\"noopener\">https:\/\/www.maventis.fr<\/a><\/p>\n<p><strong>H\u00e9bergement<br \/><\/strong>PIXEL DEV \u2013 H\u00f4tel d\u2019entreprises 22 Rue du 9 Juin 1944 19000 Tulle<br \/>SIREN : 880 573 613<br \/>SIRET : 880 573 613 000 10<br \/>Code NAF : 6201Z<br \/>T\u00e9l\u00e9phone : 06 84 45 90 89<br \/>E-mail : rb@pixeldev.fr<br \/>Site web : <a href=\"https:\/\/www.pixeldev.fr\" target=\"_blank\" rel=\"noopener\">https:\/\/www.pixeldev.fr<\/a><\/p>\n<\/div><\/div><\/div><\/div><\/div>\n","protected":false},"excerpt":{"rendered":"","protected":false},"author":1,"featured_media":0,"parent":0,"menu_order":0,"comment_status":"closed","ping_status":"closed","template":"100-width.php","meta":{"_acf_changed":false,"footnotes":""},"class_list":["post-1172","page","type-page","status-publish","hentry"],"acf":[],"_links":{"self":[{"href":"https:\/\/www.lavayssiere.fr\/en\/wp-json\/wp\/v2\/pages\/1172","targetHints":{"allow":["GET"]}}],"collection":[{"href":"https:\/\/www.lavayssiere.fr\/en\/wp-json\/wp\/v2\/pages"}],"about":[{"href":"https:\/\/www.lavayssiere.fr\/en\/wp-json\/wp\/v2\/types\/page"}],"author":[{"embeddable":true,"href":"https:\/\/www.lavayssiere.fr\/en\/wp-json\/wp\/v2\/users\/1"}],"replies":[{"embeddable":true,"href":"https:\/\/www.lavayssiere.fr\/en\/wp-json\/wp\/v2\/comments?post=1172"}],"version-history":[{"count":5,"href":"https:\/\/www.lavayssiere.fr\/en\/wp-json\/wp\/v2\/pages\/1172\/revisions"}],"predecessor-version":[{"id":1786,"href":"https:\/\/www.lavayssiere.fr\/en\/wp-json\/wp\/v2\/pages\/1172\/revisions\/1786"}],"wp:attachment":[{"href":"https:\/\/www.lavayssiere.fr\/en\/wp-json\/wp\/v2\/media?parent=1172"}],"curies":[{"name":"wp","href":"https:\/\/api.w.org\/{rel}","templated":true}]}}